{"id":367,"date":"2025-10-21T06:40:04","date_gmt":"2025-10-21T04:40:04","guid":{"rendered":"https:\/\/chambres.vin-alsace-gueth.com\/product\/bon-cadeau-une-nuit-dans-les-bouteilles-pour-2-personnes\/"},"modified":"2025-11-15T10:19:38","modified_gmt":"2025-11-15T09:19:38","slug":"bon-cadeau-une-nuit-dans-les-bouteilles-pour-2-personnes","status":"publish","type":"product","link":"https:\/\/chambres.vin-alsace-gueth.com\/de\/produkt\/bon-cadeau-une-nuit-dans-les-bouteilles-pour-2-personnes\/","title":{"rendered":"Voucher Geschenk : eine \u201eNacht in den Flaschen\u201c f\u00fcr 2 Personen"},"content":{"rendered":"<p>Wir bieten unseren G\u00e4sten Unterst\u00fctzung bei der Reservierung ihres Abendessens in einem der benachbarten Restaurants: <a href=\"https:\/\/www.taverne-medievale.com\/\" target=\"_blank\" rel=\"noopener\">La Taverne m\u00e9di\u00e9vale<\/a> (traditionell els\u00e4ssisch), <a href=\"https:\/\/www.restaurant-laltevic.fr\/\" target=\"_blank\" rel=\"noopener\">L&#8217;Alt\u00e9vic<\/a> (gastronomisch), Restaurant <a href=\"https:\/\/www.facebook.com\/p\/Restaurant-Utopie-100063556959585\/?locale=fr_FR\" target=\"_blank\" rel=\"noopener\">L&#8217;Utopie<\/a> (gastronomisch), L&#8216;<a href=\"https:\/\/aubergesaintmarc.fr\/\" target=\"_blank\" rel=\"noopener\">Auberge Saint Marc<\/a> (Gasthaus \/ traditionell), <a href=\"https:\/\/www.facebook.com\/p\/Auberge-Au-Bon-Chasseur-Osenbuhr-100029445203882\/?locale=fr_FR\" target=\"_blank\" rel=\"noopener\">Au bon chasseur<\/a> (Gasthaus \/ traditionell).<\/p>\n<p>&nbsp;<\/p>\n","protected":false},"excerpt":{"rendered":"<div dir=\"ltr\">\n<div>\n<div dir=\"ltr\">\n<h5 style=\"text-align: left;\"><\/h5>\n<\/div>\n<\/div>\n<div>\n<div dir=\"ltr\">\n<p>Weintourismus-Angebot in einer exklusiven Suite f\u00fcr 2 Personen, bestehend aus:<\/p>\n<ul>\n<li>Empfang im Verkostungskeller des Winzers und Aperitif bei Ihrer Ankunft (Wein, Cr\u00e9mant oder Traubensaft)<\/li>\n<li>Eine \u00dcbernachtung in unserem exklusiven G\u00e4stezimmer \u201e<strong style=\"font-size: 16px;\"><a href=\"https:\/\/www.vin-alsace-gueth.com\/de\/chambre-la-chambre-aux-bouteilles\/\" target=\"_blank\" rel=\"noopener\">La Chambre aux Bouteilles<\/a><\/strong><span style=\"font-size: 16px;\">\u201c im Herzen der Weinberge mit Blick auf die Weinberge<\/span><\/li>\n<li>Kontinentales Fr\u00fchst\u00fcck inklusive, serviert im Verkostungskeller des Winzers<\/li>\n<li>Kostenlose Verkostung von Bio-Weinen und Cr\u00e9mants aus dem Elsass<\/li>\n<li>Parkplatz f\u00fcr Autos und Motorr\u00e4der in unmittelbarer N\u00e4he Ihres Zugangs zu Ihrer Suite<\/li>\n<li>Aufladem\u00f6glichkeit f\u00fcr Ihr Elektrofahrzeug (gegen Aufpreis)<\/li>\n<li>Kurtaxe gratis<\/li>\n<\/ul>\n<p>Alle Merkmale des exklusiven G\u00e4stezimmers \u201e<strong>La Chambre aux Bouteilles<\/strong>\u201c : <a href=\"https:\/\/www.vin-alsace-gueth.com\/de\/chambre-la-chambre-aux-bouteilles\/\" target=\"_blank\" rel=\"noopener\">hier klicken<\/a><\/p>\n<\/div>\n<div dir=\"ltr\">\n<p data-kb-block=\"kb-adv-heading24547_39ce57-5f\"><strong><span style=\"color: #c8693a;\">Zugang zum Zimmer auf gleicher Ebene: geeignet f\u00fcr Personen, die Schwierigkeiten beim Treppensteigen haben oder in ihrer Mobilit\u00e4t eingeschr\u00e4nkt sind. Nicht geeignet f\u00fcr Rollstuhlfahrer.<\/span><\/strong><\/p>\n<p><strong>Nach Best\u00e4tigung Ihrer Bestellung und Eingang Ihrer Zahlung erhalten Sie einen ausdruckbaren Gutschein im PDF-Format, der Ihren Geschenkgutschein darstellt.<\/strong><\/p>\n<p><strong>Jetzt m\u00fcssen Sie es nur noch verschenken&#8230;<\/strong><\/p>\n<p>G\u00fcltigkeit des Gutscheins: 1 Jahr ab Bestelldatum<br \/>\nR\u00fcckerstattungs- oder Verschiebungsbedingungen: <a href=\"https:\/\/www.vin-alsace-gueth.com\/de\/geschaftsbedingungen\/#R%C3%BCckerstattungs\" target=\"_blank\" rel=\"noopener\">hier klicken<\/a><\/p>\n<p style=\"text-align: center;\">*****<\/p>\n<p class=\"kt-adv-heading24547_39ce57-5f wp-block-kadence-advancedheading has-ast-global-color-1-color has-text-color\" data-kb-block=\"kb-adv-heading24547_39ce57-5f\"><a href=\"https:\/\/www.vin-alsace-gueth.com\/services\/accueil-chiens\/\" target=\"_blank\" rel=\"noopener\"><strong><img loading=\"lazy\" decoding=\"async\" class=\"alignnone wp-image-142\" src=\"http:\/\/chambres.vin-alsace-gueth.com\/wp-content\/uploads\/2025\/10\/icon_chien_100x100.png\" alt=\"\" width=\"55\" height=\"55\" \/><\/strong><\/a><\/p>\n<\/div>\n<div dir=\"ltr\">\n<p><strong>Hunde sind unter bestimmten Voraussetzungen und Bedingungen<\/strong> willkommen: Bevor Sie eine Reservierung mit einem Hund vornehmen, kontaktieren Sie uns bitte vorab telefonisch, damit wir Ihnen die M\u00f6glichkeiten best\u00e4tigen k\u00f6nnen. Weitere Informationen : <a href=\"https:\/\/www.vin-alsace-gueth.com\/de\/services\/accueil-chiens\/\" target=\"_blank\" rel=\"noopener\">hier klicken<\/a>.<\/p>\n<\/div>\n<div dir=\"ltr\"><\/div>\n<div dir=\"ltr\">\n<p data-kb-block=\"kb-adv-heading24547_39ce57-5f\"><strong>Bei Ankunft wird ein Aufpreis von 10 \u20ac <\/strong>(f\u00fcr Reinigungskosten, nicht im vorliegenden Geschenkgutschein enthalten) erhoben, wenn w\u00e4hrend des Aufenthalts ein oder maximal zwei Hunde mitgebracht werden.<\/p>\n<p style=\"text-align: center;\" data-kb-block=\"kb-adv-heading24547_39ce57-5f\">*****<\/p>\n<\/div>\n<\/div>\n<\/div>\n","protected":false},"featured_media":411,"comment_status":"open","ping_status":"closed","template":"","meta":{"_uag_custom_page_level_css":"","site-sidebar-layout":"default","site-content-layout":"","ast-site-content-layout":"default","site-content-style":"default","site-sidebar-style":"default","ast-global-header-display":"","ast-banner-title-visibility":"","ast-main-header-display":"","ast-hfb-above-header-display":"","ast-hfb-below-header-display":"","ast-hfb-mobile-header-display":"","site-post-title":"","ast-breadcrumbs-content":"","ast-featured-img":"","footer-sml-layout":"","theme-transparent-header-meta":"default","adv-header-id-meta":"","stick-header-meta":"default","header-above-stick-meta":"","header-main-stick-meta":"","header-below-stick-meta":"","astra-migrate-meta-layouts":"set","ast-page-background-enabled":"default","ast-page-background-meta":{"desktop":{"background-color":"","background-image":"","background-repeat":"repeat","background-position":"center center","background-size":"auto","background-attachment":"scroll","background-type":"","background-media":"","overlay-type":"","overlay-color":"","overlay-opacity":"","overlay-gradient":""},"tablet":{"background-color":"","background-image":"","background-repeat":"repeat","background-position":"center center","background-size":"auto","background-attachment":"scroll","background-type":"","background-media":"","overlay-type":"","overlay-color":"","overlay-opacity":"","overlay-gradient":""},"mobile":{"background-color":"","background-image":"","background-repeat":"repeat","background-position":"center center","background-size":"auto","background-attachment":"scroll","background-type":"","background-media":"","overlay-type":"","overlay-color":"","overlay-opacity":"","overlay-gradient":""}},"ast-content-background-meta":{"desktop":{"background-color":"var(--ast-global-color-5)","background-image":"","background-repeat":"repeat","background-position":"center center","background-size":"auto","background-attachment":"scroll","background-type":"","background-media":"","overlay-type":"","overlay-color":"","overlay-opacity":"","overlay-gradient":""},"tablet":{"background-color":"var(--ast-global-color-5)","background-image":"","background-repeat":"repeat","background-position":"center center","background-size":"auto","background-attachment":"scroll","background-type":"","background-media":"","overlay-type":"","overlay-color":"","overlay-opacity":"","overlay-gradient":""},"mobile":{"background-color":"var(--ast-global-color-5)","background-image":"","background-repeat":"repeat","background-position":"center center","background-size":"auto","background-attachment":"scroll","background-type":"","background-media":"","overlay-type":"","overlay-color":"","overlay-opacity":"","overlay-gradient":""}}},"product_brand":[],"product_cat":[146],"product_tag":[],"class_list":{"0":"post-367","1":"product","2":"type-product","3":"status-publish","4":"has-post-thumbnail","6":"product_cat-bons-cadeaux-chambre-aux-bouteilles","7":"desktop-align-center","8":"tablet-align-center","9":"mobile-align-center","10":"ast-product-gallery-layout-vertical","11":"ast-product-tabs-layout-horizontal","13":"first","14":"instock","15":"shipping-taxable","16":"purchasable","17":"product-type-simple"},"uagb_featured_image_src":{"full":["https:\/\/chambres.vin-alsace-gueth.com\/wp-content\/uploads\/2025\/10\/Bon_cadeau_La_Chambre_aux_Bouteilles_DE_1.jpg",800,1406,false],"thumbnail":["https:\/\/chambres.vin-alsace-gueth.com\/wp-content\/uploads\/2025\/10\/Bon_cadeau_La_Chambre_aux_Bouteilles_DE_1-150x150.jpg",150,150,true],"medium":["https:\/\/chambres.vin-alsace-gueth.com\/wp-content\/uploads\/2025\/10\/Bon_cadeau_La_Chambre_aux_Bouteilles_DE_1-171x300.jpg",171,300,true],"medium_large":["https:\/\/chambres.vin-alsace-gueth.com\/wp-content\/uploads\/2025\/10\/Bon_cadeau_La_Chambre_aux_Bouteilles_DE_1-768x1350.jpg",768,1350,true],"large":["https:\/\/chambres.vin-alsace-gueth.com\/wp-content\/uploads\/2025\/10\/Bon_cadeau_La_Chambre_aux_Bouteilles_DE_1-583x1024.jpg",583,1024,true],"1536x1536":["https:\/\/chambres.vin-alsace-gueth.com\/wp-content\/uploads\/2025\/10\/Bon_cadeau_La_Chambre_aux_Bouteilles_DE_1.jpg",800,1406,false],"2048x2048":["https:\/\/chambres.vin-alsace-gueth.com\/wp-content\/uploads\/2025\/10\/Bon_cadeau_La_Chambre_aux_Bouteilles_DE_1.jpg",800,1406,false],"woocommerce_thumbnail":["https:\/\/chambres.vin-alsace-gueth.com\/wp-content\/uploads\/2025\/10\/Bon_cadeau_La_Chambre_aux_Bouteilles_DE_1-300x527.jpg",300,527,true],"woocommerce_single":["https:\/\/chambres.vin-alsace-gueth.com\/wp-content\/uploads\/2025\/10\/Bon_cadeau_La_Chambre_aux_Bouteilles_DE_1-600x1055.jpg",600,1055,true],"woocommerce_gallery_thumbnail":["https:\/\/chambres.vin-alsace-gueth.com\/wp-content\/uploads\/2025\/10\/Bon_cadeau_La_Chambre_aux_Bouteilles_DE_1-100x100.jpg",100,100,true]},"uagb_author_info":{"display_name":"Muriel GUETH","author_link":"https:\/\/chambres.vin-alsace-gueth.com\/de\/author\/"},"uagb_comment_info":0,"uagb_excerpt":"Weintourismus-Angebot in einer exklusiven Suite f\u00fcr 2 Personen, bestehend aus: Empfang im Verkostungskeller des Winzers und Aperitif bei Ihrer Ankunft (Wein, Cr\u00e9mant oder Traubensaft) Eine \u00dcbernachtung in unserem exklusiven G\u00e4stezimmer \u201eLa Chambre aux Bouteilles\u201c im Herzen der Weinberge mit Blick auf die Weinberge Kontinentales Fr\u00fchst\u00fcck inklusive, serviert im Verkostungskeller des Winzers Kostenlose Verkostung von Bio-Weinen&hellip;","_links":{"self":[{"href":"https:\/\/chambres.vin-alsace-gueth.com\/de\/wp-json\/wp\/v2\/product\/367","targetHints":{"allow":["GET"]}}],"collection":[{"href":"https:\/\/chambres.vin-alsace-gueth.com\/de\/wp-json\/wp\/v2\/product"}],"about":[{"href":"https:\/\/chambres.vin-alsace-gueth.com\/de\/wp-json\/wp\/v2\/types\/product"}],"replies":[{"embeddable":true,"href":"https:\/\/chambres.vin-alsace-gueth.com\/de\/wp-json\/wp\/v2\/comments?post=367"}],"wp:featuredmedia":[{"embeddable":true,"href":"https:\/\/chambres.vin-alsace-gueth.com\/de\/wp-json\/wp\/v2\/media\/411"}],"wp:attachment":[{"href":"https:\/\/chambres.vin-alsace-gueth.com\/de\/wp-json\/wp\/v2\/media?parent=367"}],"wp:term":[{"taxonomy":"product_brand","embeddable":true,"href":"https:\/\/chambres.vin-alsace-gueth.com\/de\/wp-json\/wp\/v2\/product_brand?post=367"},{"taxonomy":"product_cat","embeddable":true,"href":"https:\/\/chambres.vin-alsace-gueth.com\/de\/wp-json\/wp\/v2\/product_cat?post=367"},{"taxonomy":"product_tag","embeddable":true,"href":"https:\/\/chambres.vin-alsace-gueth.com\/de\/wp-json\/wp\/v2\/product_tag?post=367"}],"curies":[{"name":"wp","href":"https:\/\/api.w.org\/{rel}","templated":true}]}}